{"id":35,"date":"2019-03-30T14:15:52","date_gmt":"2019-03-30T13:15:52","guid":{"rendered":"http:\/\/psicotecnicosherencia.com\/?page_id=35"},"modified":"2019-05-07T10:12:48","modified_gmt":"2019-05-07T08:12:48","slug":"bienvenidos-a-psicotecnicos-herencia","status":"publish","type":"page","link":"https:\/\/psicotecnicosherencia.com\/","title":{"rendered":"Bienvenidos a Psicot\u00e9cnicos Herencia"},"content":{"rendered":"<p><img data-attachment-id=\"37\" data-permalink=\"https:\/\/psicotecnicosherencia.com\/index.php\/bienvenidos-a-psicotecnicos-herencia\/certificados-herencia-900\/#main\" data-orig-file=\"https:\/\/i1.wp.com\/psicotecnicosherencia.com\/wp-content\/uploads\/2019\/03\/Certificados-Herencia-900.jpg?fit=900%2C364&amp;ssl=1\" data-orig-size=\"900,364\" data-comments-opened=\"1\" data-image-meta=\"{&quot;aperture&quot;:&quot;0&quot;,&quot;credit&quot;:&quot;&quot;,&quot;camera&quot;:&quot;&quot;,&quot;caption&quot;:&quot;&quot;,&quot;created_timestamp&quot;:&quot;1553954117&quot;,&quot;copyright&quot;:&quot;&quot;,&quot;focal_length&quot;:&quot;0&quot;,&quot;iso&quot;:&quot;0&quot;,&quot;shutter_speed&quot;:&quot;0&quot;,&quot;title&quot;:&quot;&quot;,&quot;orientation&quot;:&quot;1&quot;}\" data-image-title=\"Certificados Herencia 900\" data-image-description=\"\" data-medium-file=\"https:\/\/i1.wp.com\/psicotecnicosherencia.com\/wp-content\/uploads\/2019\/03\/Certificados-Herencia-900.jpg?fit=300%2C121&amp;ssl=1\" data-large-file=\"https:\/\/i1.wp.com\/psicotecnicosherencia.com\/wp-content\/uploads\/2019\/03\/Certificados-Herencia-900.jpg?fit=690%2C279&amp;ssl=1\" loading=\"lazy\" class=\"aligncenter size-full wp-image-37\" src=\"https:\/\/i1.wp.com\/psicotecnicosherencia.com\/wp-content\/uploads\/2019\/03\/Certificados-Herencia-900.jpg?resize=690%2C279\" alt=\"\" width=\"690\" height=\"279\" srcset=\"https:\/\/i1.wp.com\/psicotecnicosherencia.com\/wp-content\/uploads\/2019\/03\/Certificados-Herencia-900.jpg?w=900&amp;ssl=1 900w, https:\/\/i1.wp.com\/psicotecnicosherencia.com\/wp-content\/uploads\/2019\/03\/Certificados-Herencia-900.jpg?resize=300%2C121&amp;ssl=1 300w, https:\/\/i1.wp.com\/psicotecnicosherencia.com\/wp-content\/uploads\/2019\/03\/Certificados-Herencia-900.jpg?resize=768%2C311&amp;ssl=1 768w\" sizes=\"(max-width: 690px) 100vw, 690px\" data-recalc-dims=\"1\" \/><\/p>\n<h4 style=\"text-align: center;\"><span style=\"color: #0088cc;\"><strong>Psicot\u00e9cnicos Herencia<\/strong><\/span>,\u00a0<strong>Centro Oficial de Reconocimiento M\u00e9dico de Conductores y Cazadores<br \/>\n<\/strong><strong>Autorizado por la Direcci\u00f3n General de Tr\u00e1fico (N\u00ba CR-0083)<\/strong><\/h4>\n<p style=\"text-align: justify;\"><em><strong>\u00bfQu\u00e9 hacemos?<\/strong><\/em>. Reconocimientos m\u00e9dicos para\u00a0<strong>conductores y cazadores<\/strong>. Pr\u00f3rrogas, renovaciones, primera obtenci\u00f3n, etc. Todos los permisos y licencias de\u00a0<strong>conducir y armas<\/strong>. Tambi\u00e9n reconocimientos para los permisos y licencias de<strong>\u00a0gr\u00faas<\/strong>, tenencia de\u00a0<strong>animales potencialmente peligrosos<\/strong>,<strong>\u00a0seguridad privada, vigilantes de seguridad, guardas de campo privados,<\/strong>\u00a0etc.<\/p>\n<p style=\"text-align: justify;\"><em><strong>\u00bfCu\u00e1ndo?<\/strong><\/em>. Estamos abiertos<strong> todos los<\/strong><strong>\u00a0viernes<\/strong>,\u00a0<strong>desde las 17:30 h. a 21:00 h.<\/strong><\/p>\n<p style=\"text-align: justify;\"><em><strong>\u00bfD\u00f3nde?.<\/strong><\/em> Estamos en <strong>Herencia, en la Avenida Alc\u00e1zar, n\u00fam. 29. (A veinte metros de la rotonda del Perl\u00e9)<\/strong>.<\/p>\n<p style=\"text-align: justify;\"><em><strong>\u00bfC\u00f3mo?.<\/strong><\/em>\u00a0Con puntualidad, sin largas esperas, le resolvemos todos los tr\u00e1mites de manera c\u00f3moda y r\u00e1pida. Excelente zona de aparcamiento, atendemos en el acto y tambi\u00e9n, si lo prefiere, le damos cita previa llamando al tel\u00e9fono\u00a0<span style=\"color: #0088cc;\"><strong>623 16 40 35<\/strong><\/span>. Ofrecemos as\u00ed la m\u00e1xima rapidez y servicio personalizado a cada uno de nuestros clientes.<\/p>\n<p style=\"text-align: center;\"><strong>\u00a1Gane tiempo y comodidad! \u00a1Tramitamos su renovaci\u00f3n en el acto, diga adi\u00f3s al papeleo!<\/strong><\/p>\n<h4 style=\"text-align: center;\"><strong><span style=\"color: #0088cc;\">Ofrecemos nuestros Servicios en la provincia de Ciudad Real a las poblaciones de Herencia, Villafranca de los Caballeros, Puerto L\u00e1pice, Villarta de San Juan, Camu\u00f1as, Cinco Casas, etc.<\/span><\/strong><\/h4>\n","protected":false},"excerpt":{"rendered":"<p>Psicot\u00e9cnicos Herencia,\u00a0Centro Oficial de Reconocimiento M\u00e9dico de Conductores y Cazadores Autorizado por la Direcci\u00f3n General de Tr\u00e1fico (N\u00ba CR-0083) \u00bfQu\u00e9 hacemos?. Reconocimientos m\u00e9dicos para\u00a0conductores y cazadores. Pr\u00f3rrogas, renovaciones, primera obtenci\u00f3n, <a class=\"more-link\" href=\"https:\/\/psicotecnicosherencia.com\/\">Continuar Leyendo \u2192<\/a><\/p>\n","protected":false},"author":2,"featured_media":0,"parent":0,"menu_order":0,"comment_status":"closed","ping_status":"closed","template":"","meta":{"spay_email":""},"jetpack_sharing_enabled":true,"jetpack_shortlink":"https:\/\/wp.me\/PaR2RI-z","jetpack-related-posts":[{"id":53,"url":"https:\/\/psicotecnicosherencia.com\/index.php\/servicios\/otros-servicios\/","url_meta":{"origin":35,"position":0},"title":"Otros Servicios","date":"30 marzo, 2019","format":false,"excerpt":"Psicot\u00e9cnicos Herencia,\u00a0Centro Oficial de Reconocimiento M\u00e9dico de Conductores y Cazadores Autorizado por la Direcci\u00f3n General de Tr\u00e1fico (N\u00ba CR-0083) . Licencia de Tenencia de Animales Potencialmente Peligrosos En\u00a0Psicot\u00e9cnicos Herencia\u00a0podr\u00e1\u00a0obtener o renovar\u00a0su\u00a0licencia de tenencia de animales potencialmente peligrosos, para lo cual le realizaremos una exploraci\u00f3n m\u00e9dica general, una exploraci\u00f3n oftalmol\u00f3gica general\u2026","rel":"","context":"Entrada similar","img":{"alt_text":"","src":"","width":0,"height":0},"classes":[]},{"id":20,"url":"https:\/\/psicotecnicosherencia.com\/index.php\/servicios\/","url_meta":{"origin":35,"position":1},"title":"Servicios","date":"30 marzo, 2019","format":false,"excerpt":"Servicio a Conductores En\u00a0Psicot\u00e9cnicos Herencia, podr\u00e1 realizar el reconocimiento m\u00e9dico para la\u00a0obtenci\u00f3n o renovaci\u00f3n de cualquier clase de permiso de conducir, para lo cual simplemente tendr\u00e1 que presentar su\u00a0DNI o Tarjeta de Residencia en vigor\u00a0y su\u00a0Permiso de conducir, en caso de renovaci\u00f3n. Servicios a Cazadores En\u00a0Psicot\u00e9cnicos Herencia, se le realizar\u00e1n\u2026","rel":"","context":"Entrada similar","img":{"alt_text":"","src":"https:\/\/i0.wp.com\/psicotecnicosherencia.com\/wp-content\/uploads\/2019\/03\/carnet-200.jpg?resize=350%2C200","width":350,"height":200},"classes":[]},{"id":49,"url":"https:\/\/psicotecnicosherencia.com\/index.php\/servicios\/servicio-a-cazadores\/","url_meta":{"origin":35,"position":2},"title":"Servicio a Cazadores","date":"30 marzo, 2019","format":false,"excerpt":"Psicot\u00e9cnicos Herencia,\u00a0Centro Oficial de Reconocimiento M\u00e9dico de Conductores y Cazadores Autorizado por la Direcci\u00f3n General de Tr\u00e1fico (N\u00ba CR-0083) Seg\u00fan la legislaci\u00f3n vigente, nadie podr\u00e1 portar o poseer armas de fuego en territorio espa\u00f1ol sin disponer de la correspondiente autorizaci\u00f3n administrativa. En\u00a0Psicot\u00e9cnicos Herencia, se le realizar\u00e1n las\u00a0fotograf\u00edas\u00a0y las\u00a0pruebas de aptitud\u2026","rel":"","context":"Entrada similar","img":{"alt_text":"","src":"https:\/\/i2.wp.com\/psicotecnicosherencia.com\/wp-content\/uploads\/2019\/03\/caza200.jpg?resize=350%2C200","width":350,"height":200},"classes":[]},{"id":46,"url":"https:\/\/psicotecnicosherencia.com\/index.php\/servicios\/servicio-a-conductores\/","url_meta":{"origin":35,"position":3},"title":"Servicio a Conductores","date":"30 marzo, 2019","format":false,"excerpt":"Psicot\u00e9cnicos Herencia,\u00a0Centro Oficial de Reconocimiento M\u00e9dico de Conductores y Cazadores Autorizado por la Direcci\u00f3n General de Tr\u00e1fico (N\u00ba CR-0083) . Hace unos a\u00f1os, renovar el carnet de conducir era un tr\u00e1mite que necesitaba de varios desplazamientos, engorroso papeleo y de una tramitaci\u00f3n lenta. A partir de la entrada en vigor\u2026","rel":"","context":"Entrada similar","img":{"alt_text":"","src":"https:\/\/i0.wp.com\/psicotecnicosherencia.com\/wp-content\/uploads\/2019\/03\/carnet-200.jpg?resize=350%2C200","width":350,"height":200},"classes":[]},{"id":81,"url":"https:\/\/psicotecnicosherencia.com\/index.php\/enlaces-de-interes\/","url_meta":{"origin":35,"position":4},"title":"Enlaces de Inter\u00e9s","date":"30 marzo, 2019","format":false,"excerpt":"Enlaces de Inter\u00e9s: Direcci\u00f3n General de Tr\u00e1fico Oficina de Atenci\u00f3n al Ciudadano de la Guardia Civil Revista Seguridad Vial Consulta Saldo de Puntos Carn\u00e9 de Conducir Enlaces Amigos: En\u00a0Psicot\u00e9cnicos Herencia, hemos tomado como iniciativa acoger en nuestra web de forma totalmente gratuita y con \u00e1nimo de colaboraci\u00f3n, a todas aquellas\u2026","rel":"","context":"Entrada similar","img":{"alt_text":"","src":"","width":0,"height":0},"classes":[]},{"id":76,"url":"https:\/\/psicotecnicosherencia.com\/index.php\/preguntas-frecuentes\/","url_meta":{"origin":35,"position":5},"title":"Preguntas Frecuentes","date":"30 marzo, 2019","format":false,"excerpt":"\u00bfCu\u00e1l es la vigencia de mi carn\u00e9 de conducir? El permiso de conducci\u00f3n de las clases\u00a0BTP, C1, C1 + E, C, C + E, D1, D1 + E, D y D + E\u00a0tendr\u00e1 un per\u00edodo de\u00a0vigencia de cinco a\u00f1os\u00a0mientras su titular no cumpla los\u00a0sesenta y cinco a\u00f1os\u00a0y de\u00a0tres a\u00f1os\u00a0a partir\u2026","rel":"","context":"Entrada similar","img":{"alt_text":"","src":"","width":0,"height":0},"classes":[]}],"_links":{"self":[{"href":"https:\/\/psicotecnicosherencia.com\/index.php\/wp-json\/wp\/v2\/pages\/35"}],"collection":[{"href":"https:\/\/psicotecnicosherencia.com\/index.php\/wp-json\/wp\/v2\/pages"}],"about":[{"href":"https:\/\/psicotecnicosherencia.com\/index.php\/wp-json\/wp\/v2\/types\/page"}],"author":[{"embeddable":true,"href":"https:\/\/psicotecnicosherencia.com\/index.php\/wp-json\/wp\/v2\/users\/2"}],"replies":[{"embeddable":true,"href":"https:\/\/psicotecnicosherencia.com\/index.php\/wp-json\/wp\/v2\/comments?post=35"}],"version-history":[{"count":4,"href":"https:\/\/psicotecnicosherencia.com\/index.php\/wp-json\/wp\/v2\/pages\/35\/revisions"}],"predecessor-version":[{"id":113,"href":"https:\/\/psicotecnicosherencia.com\/index.php\/wp-json\/wp\/v2\/pages\/35\/revisions\/113"}],"wp:attachment":[{"href":"https:\/\/psicotecnicosherencia.com\/index.php\/wp-json\/wp\/v2\/media?parent=35"}],"curies":[{"name":"wp","href":"https:\/\/api.w.org\/{rel}","templated":true}]}}